{"id":93,"date":"2015-07-07T21:19:17","date_gmt":"2015-07-07T21:19:17","guid":{"rendered":"http:\/\/www.maison-merle.fr\/?page_id=93"},"modified":"2024-11-28T11:20:12","modified_gmt":"2024-11-28T10:20:12","slug":"concept-restaurant-fruit-de-mer-huitres","status":"publish","type":"page","link":"https:\/\/www.maison-merle.fr\/en\/concept-restaurant-fruit-de-mer-huitres\/","title":{"rendered":"Concept"},"content":{"rendered":"<p><section class=\"fly-section-image fly-header-image  fly-section-overlay fly-section-height-custom dc40c9c0ca8caedfb95169a75c628c8c header-image-shortcode\" style=\"background-image:url(https:\/\/www.maison-merle.fr\/wp-content\/uploads\/2021\/10\/DSC_4527RETweb-scaled.jpg); height:230px;\">\n        <div class=\"container\">\n\t\t<div class=\"row\">\n\t\t\t\t\t\t\t\t<\/div>\n\t<\/div>\n<\/section><span class=\"ancre\" style=\"position:absolute;margin-top:-90px\" id=\"Un-choix-incomparable\"><\/span>\n<section class=\"fly-story-box container-min bloc-contenu-full introduction  auto\" style=\"\">\n  \n  <div class=\"container\">\n\t\t<div class=\"row\">\n\t\t\t<div class=\"fly-divider-space\" style=\"height: 0px;\"><\/div>\n\t\t<\/div>\n\t\t<div class=\"row\">\n\t\t\t<div class=\"col-sm-12\">\n\t\t\t\t\t\t\t\t\t<div class=\"fly-story-box-content\">\n\t\t\t\t\t\t<h1>The concept<\/h1>\n<h2>an unparalleled choice<\/h2>\n<p>To make your meal a unique moment, we have selected a wide range of oysters of a rare quality that we have the pleasure to prepare for you: Speciales de claire, Pousses en claire, Speciales Isigny, Speciales Gillardeau, Speciales Utah green, Speciales Utah Beach. Vary the pleasure by also tasting our selection of shellfish and seafood. <\/p>\n\t\t\t\t\t<\/div>\n\t\t\t\t\t\t\t<\/div>\n\t\t<\/div>\n\t\t<div class=\"row\">\n\t\t\t<div class=\"fly-divider-space\" style=\"height: 0px;\"><\/div>\n\t\t<\/div>\n\t<\/div>\n<\/section><section class=\"fly-section-image fly-header-image   fly-section-height-md 06dccbbd2ee65afd1a3fb4d3814a7728 header-image-shortcode\" style=\"background-image:url(https:\/\/www.maison-merle.fr\/wp-content\/uploads\/2024\/11\/MAISONMERLE_COOKHEURE_WEB-34-scaled-e1732788828593.jpg);\">\n        <div class=\"container\">\n\t\t<div class=\"row\">\n\t\t\t\t\t\t\t\t<\/div>\n\t<\/div>\n<\/section><span class=\"ancre\" style=\"position:absolute;margin-top:-90px\" id=\"Une-technique-unique\"><\/span>\n<section class=\"fly-story-box container-min bloc-contenu-full  auto\" style=\"\">\n  \n  <div class=\"container\">\n\t\t<div class=\"row\">\n\t\t\t<div class=\"fly-divider-space\" style=\"height: 0px;\"><\/div>\n\t\t<\/div>\n\t\t<div class=\"row\">\n\t\t\t<div class=\"col-sm-12\">\n\t\t\t\t\t\t\t\t\t<div class=\"fly-story-box-content\">\n\t\t\t\t\t\t<h2>A unique technique<\/h2>\n<p>Maison Merle has chosen to detach the oyster from its shell by opening without fault. This originality is a very delicate work that requires application and technique. It is, we believe, the most beautiful way to put forward this wonderful product.<\/p>\n\t\t\t\t\t<\/div>\n\t\t\t\t\t\t\t<\/div>\n\t\t<\/div>\n\t\t<div class=\"row\">\n\t\t\t<div class=\"fly-divider-space\" style=\"height: 0px;\"><\/div>\n\t\t<\/div>\n\t<\/div>\n<\/section><section class=\"fly-section-image fly-header-image   fly-section-height-md c183e9e4942b8455efd5e59381c928ea header-image-shortcode\" style=\"background-image:url(https:\/\/www.maison-merle.fr\/wp-content\/uploads\/2021\/10\/DSC_5229RET-scaled.jpg);\">\n        <div class=\"container\">\n\t\t<div class=\"row\">\n\t\t\t\t\t\t\t\t<\/div>\n\t<\/div>\n<\/section><span class=\"ancre\" style=\"position:absolute;margin-top:-90px\" id=\"La-boutique\"><\/span>\n<section class=\"fly-story-box container-min bloc-contenu-full  auto\" style=\"\">\n  \n  <div class=\"container\">\n\t\t<div class=\"row\">\n\t\t\t<div class=\"fly-divider-space\" style=\"height: 0px;\"><\/div>\n\t\t<\/div>\n\t\t<div class=\"row\">\n\t\t\t<div class=\"col-sm-12\">\n\t\t\t\t\t\t\t\t\t<div class=\"fly-story-box-content\">\n\t\t\t\t\t\t<h2>the shop<\/h2>\n<p>Bring your tray or choice of carefully selected closed oysters and give your guests a tasting moment of unparalleled quality. Compliment your seafood platter and shells selected by our chefs.<br \/>Discover a seafood choice unique in Lyon with a dozen varieties of oysters and shellfish selected from the best producers of our coasts.<\/p>\n\t\t\t\t\t<\/div>\n\t\t\t\t\t\t\t<\/div>\n\t\t<\/div>\n\t\t<div class=\"row\">\n\t\t\t<div class=\"fly-divider-space\" style=\"height: 0px;\"><\/div>\n\t\t<\/div>\n\t<\/div>\n<\/section><section class=\"fly-section-image fly-header-image   fly-section-height-md 283d308ef20ce60f2371387e4f6fefdb header-image-shortcode\" style=\"background-image:url(https:\/\/www.maison-merle.fr\/wp-content\/uploads\/2021\/10\/DSC_4594RET-scaled.jpg);\">\n        <div class=\"container\">\n\t\t<div class=\"row\">\n\t\t\t\t\t\t\t\t<\/div>\n\t<\/div>\n<\/section><span class=\"ancre\" style=\"position:absolute;margin-top:-90px\" id=\"Le-comptoir\"><\/span>\n<section class=\"fly-story-box container-min bloc-contenu-full  auto\" style=\"\">\n  \n  <div class=\"container\">\n\t\t<div class=\"row\">\n\t\t\t<div class=\"fly-divider-space\" style=\"height: 0px;\"><\/div>\n\t\t<\/div>\n\t\t<div class=\"row\">\n\t\t\t<div class=\"col-sm-12\">\n\t\t\t\t\t\t\t\t\t<div class=\"fly-story-box-content\">\n\t\t\t\t\t\t<h2>The counter<\/h2>\n<p>Between two errands, alone or with others for an extended aperitif, enjoy our oysters and shellfish while enjoying the spectacle offered by our virtuoso chefs in action and the markets in effervescence. Do not miss: on Sunday, the heart of the market is in full swing!<\/p>\n\t\t\t\t\t<\/div>\n\t\t\t\t\t\t\t<\/div>\n\t\t<\/div>\n\t\t<div class=\"row\">\n\t\t\t<div class=\"fly-divider-space\" style=\"height: 0px;\"><\/div>\n\t\t<\/div>\n\t<\/div>\n<\/section><section class=\"fly-section-image fly-header-image   fly-section-height-md 63e31231a0330326ab46fb67301e3996 header-image-shortcode\" style=\"background-image:url(https:\/\/www.maison-merle.fr\/wp-content\/uploads\/2021\/10\/DSC_4999RET-scaled-e1634308702859.jpg);\">\n        <div class=\"container\">\n\t\t<div class=\"row\">\n\t\t\t\t\t\t\t\t<\/div>\n\t<\/div>\n<\/section><span class=\"ancre\" style=\"position:absolute;margin-top:-90px\" id=\"Restaurant-le-Wagon\"><\/span>\n<section class=\"fly-story-box container-min bloc-contenu-full  auto\" style=\"\">\n  \n  <div class=\"container\">\n\t\t<div class=\"row\">\n\t\t\t<div class=\"fly-divider-space\" style=\"height: 0px;\"><\/div>\n\t\t<\/div>\n\t\t<div class=\"row\">\n\t\t\t<div class=\"col-sm-12\">\n\t\t\t\t\t\t\t\t\t<div class=\"fly-story-box-content\">\n\t\t\t\t\t\t<h2>Restaurant - the Wagon<\/h2>\n<p>A 1930\u2019s wagon in the heart of the Lyon market hall transformed into a dining room. Everything is there: leather banquettes, marble tables, vintage photos, coat racks! Embark for a moment of sharing, comfortable and friendly, rocked by sprays.<\/p>\n\t\t\t\t\t<\/div>\n\t\t\t\t\t\t\t<\/div>\n\t\t<\/div>\n\t\t<div class=\"row\">\n\t\t\t<div class=\"fly-divider-space\" style=\"height: 0px;\"><\/div>\n\t\t<\/div>\n\t<\/div>\n<\/section><section class=\"fly-section-image fly-header-image   fly-section-height-md a35c8e859ec36834200a6326d63a3304 header-image-shortcode\" style=\"background-image:url(https:\/\/www.maison-merle.fr\/wp-content\/uploads\/2018\/11\/DSC_1391_HDR-1.jpg);\">\n        <div class=\"container\">\n\t\t<div class=\"row\">\n\t\t\t\t\t\t\t\t<\/div>\n\t<\/div>\n<\/section><span class=\"ancre\" style=\"position:absolute;margin-top:-90px\" id=\"Livraisons-et-banquets\"><\/span>\n<section class=\"fly-story-box container-min bloc-contenu-full livraisons-banquets  auto\" style=\"\">\n  \n  <div class=\"container\">\n\t\t<div class=\"row\">\n\t\t\t<div class=\"fly-divider-space\" style=\"height: 0px;\"><\/div>\n\t\t<\/div>\n\t\t<div class=\"row\">\n\t\t\t<div class=\"col-sm-12\">\n\t\t\t\t\t\t\t\t\t<div class=\"fly-story-box-content\">\n\t\t\t\t\t\t<h2>Deliveries &amp; Banquets<\/h2>\n<p>You wish to organise a oysters tasting ? Contact us 72h in advance to estimate your service and your quote. Depending on the chosen service, we can deliver to you on site (from 20 dozen).<\/p>\n<p><a href=\"\/en\/la-carte-de-la-boutique-fruits-de-mer-huitres\/\">The shop menu<\/a><\/p>\n\t\t\t\t\t<\/div>\n\t\t\t\t\t\t\t<\/div>\n\t\t<\/div>\n\t\t<div class=\"row\">\n\t\t\t<div class=\"fly-divider-space\" style=\"height: 0px;\"><\/div>\n\t\t<\/div>\n\t<\/div>\n<\/section><section class=\"fly-section-image fly-header-image   fly-section-height-md 3912090be6cce40f62a2948d047eaf90 header-image-shortcode\" style=\"background-image:url(https:\/\/www.maison-merle.fr\/wp-content\/uploads\/2021\/10\/DSC_4685RET-scaled-e1634309627276.jpg);\">\n        <div class=\"container\">\n\t\t<div class=\"row\">\n\t\t\t\t\t\t\t\t<\/div>\n\t<\/div>\n<\/section><span class=\"ancre\" style=\"position:absolute;margin-top:-90px\" id=\"Le-salon-privatif\"><\/span>\n<section class=\"fly-story-box container-min bloc-contenu-full  fly-section-height-custom\" style=\"\">\n  \n  <div class=\"container\">\n\t\t<div class=\"row\">\n\t\t\t<div class=\"fly-divider-space\" style=\"height: 0px;\"><\/div>\n\t\t<\/div>\n\t\t<div class=\"row\">\n\t\t\t<div class=\"col-sm-12\">\n\t\t\t\t\t\t\t\t\t<div class=\"fly-story-box-content\">\n\t\t\t\t\t\t<h2>Private lounge<\/h2>\n<p>We welcome your private or professional events up to 23 people in our private area. Do not hesitate to contact us to organize an original meal!<\/p>\n\t\t\t\t\t<\/div>\n\t\t\t\t\t\t\t<\/div>\n\t\t<\/div>\n\t\t<div class=\"row\">\n\t\t\t<div class=\"fly-divider-space\" style=\"height: 0px;\"><\/div>\n\t\t<\/div>\n\t<\/div>\n<\/section><section class=\"fly-section-image fly-header-image   fly-section-height-md 2e466e116090a232c039e9cc1c660e6e header-image-shortcode\" style=\"background-image:url(https:\/\/www.maison-merle.fr\/wp-content\/uploads\/2021\/10\/DSC_1381_HDR.jpg);\">\n        <div class=\"container\">\n\t\t<div class=\"row\">\n\t\t\t\t\t\t\t\t<\/div>\n\t<\/div>\n<\/section><section class=\"fly-home-gallery fly-gallery-45f9ff291f28d04fbf8d8ce50faebe7f\">\n\t<div class=\"fly-home-gallery-col col-sm-4\"><\/div><div class=\"fly-home-gallery-col col-sm-4\"><\/div><div class=\"fly-home-gallery-col col-sm-4\"><\/div><\/section>\n<\/p>","protected":false},"excerpt":{"rendered":"<p>Le concept Un choix incomparable Pour faire de votre repas un moment sans pareil, nous avons s\u00e9lectionn\u00e9 une large gamme d\u2019hu\u00eetres d\u2019une qualit\u00e9 rare que nous avons le plaisir de pr\u00e9parer pour vous : Sp\u00e9ciales de claire, Pousses en claire, Sp\u00e9ciales d\u2019Isigny, Sp\u00e9ciales Gillardeau, Sp\u00e9ciales Utah vertes, Sp\u00e9ciales Utah beach. Variez les plaisir en d\u00e9gustant [&hellip;]<\/p>\n","protected":false},"author":3,"featured_media":0,"parent":0,"menu_order":0,"comment_status":"closed","ping_status":"open","template":"visual-builder-template.php","meta":{"_acf_changed":false,"footnotes":""},"categories":[1],"tags":[],"class_list":["post-93","page","type-page","status-publish","hentry","category-uncategorized"],"acf":[],"yoast_head":"<!-- This site is optimized with the Yoast SEO plugin v27.3 - https:\/\/yoast.com\/product\/yoast-seo-wordpress\/ -->\n<title>Le Concept - Merle, restaurant d&#039;hu\u00eetres et fruits de mer - Halles de Lyon<\/title>\n<meta name=\"description\" content=\"D\u00e9couvrez le Concept de la Maison Merle, sp\u00e9cialiste des hu\u00eetres et fruits de mer situ\u00e9 aux Halles de Lyon.\" \/>\n<meta name=\"robots\" content=\"index, follow, max-snippet:-1, max-image-preview:large, max-video-preview:-1\" \/>\n<link rel=\"canonical\" href=\"https:\/\/www.maison-merle.fr\/en\/concept-restaurant-fruit-de-mer-huitres\/\" \/>\n<meta property=\"og:locale\" content=\"en_GB\" \/>\n<meta property=\"og:type\" content=\"article\" \/>\n<meta property=\"og:title\" content=\"Le Concept - Merle, restaurant d&#039;hu\u00eetres et fruits de mer - Halles de Lyon\" \/>\n<meta property=\"og:description\" content=\"D\u00e9couvrez le Concept de la Maison Merle, sp\u00e9cialiste des hu\u00eetres et fruits de mer situ\u00e9 aux Halles de Lyon.\" \/>\n<meta property=\"og:url\" content=\"https:\/\/www.maison-merle.fr\/en\/concept-restaurant-fruit-de-mer-huitres\/\" \/>\n<meta property=\"og:site_name\" content=\"Maison Merle\" \/>\n<meta property=\"article:modified_time\" content=\"2024-11-28T10:20:12+00:00\" \/>\n<meta name=\"twitter:card\" content=\"summary_large_image\" \/>\n<meta name=\"twitter:label1\" content=\"Estimated reading time\" \/>\n\t<meta name=\"twitter:data1\" content=\"2 minutes\" \/>\n<script type=\"application\/ld+json\" class=\"yoast-schema-graph\">{\"@context\":\"https:\\\/\\\/schema.org\",\"@graph\":[{\"@type\":\"WebPage\",\"@id\":\"https:\\\/\\\/www.maison-merle.fr\\\/concept-restaurant-fruit-de-mer-huitres\\\/\",\"url\":\"https:\\\/\\\/www.maison-merle.fr\\\/concept-restaurant-fruit-de-mer-huitres\\\/\",\"name\":\"Le Concept - Merle, restaurant d'hu\u00eetres et fruits de mer - Halles de Lyon\",\"isPartOf\":{\"@id\":\"https:\\\/\\\/www.maison-merle.fr\\\/#website\"},\"datePublished\":\"2015-07-07T21:19:17+00:00\",\"dateModified\":\"2024-11-28T10:20:12+00:00\",\"description\":\"D\u00e9couvrez le Concept de la Maison Merle, sp\u00e9cialiste des hu\u00eetres et fruits de mer situ\u00e9 aux Halles de Lyon.\",\"breadcrumb\":{\"@id\":\"https:\\\/\\\/www.maison-merle.fr\\\/concept-restaurant-fruit-de-mer-huitres\\\/#breadcrumb\"},\"inLanguage\":\"en-GB\",\"potentialAction\":[{\"@type\":\"ReadAction\",\"target\":[\"https:\\\/\\\/www.maison-merle.fr\\\/concept-restaurant-fruit-de-mer-huitres\\\/\"]}]},{\"@type\":\"BreadcrumbList\",\"@id\":\"https:\\\/\\\/www.maison-merle.fr\\\/concept-restaurant-fruit-de-mer-huitres\\\/#breadcrumb\",\"itemListElement\":[{\"@type\":\"ListItem\",\"position\":1,\"name\":\"Accueil\",\"item\":\"https:\\\/\\\/www.maison-merle.fr\\\/\"},{\"@type\":\"ListItem\",\"position\":2,\"name\":\"Concept\"}]},{\"@type\":\"WebSite\",\"@id\":\"https:\\\/\\\/www.maison-merle.fr\\\/#website\",\"url\":\"https:\\\/\\\/www.maison-merle.fr\\\/\",\"name\":\"Maison Merle\",\"description\":\"Hu\u00eetres &amp; Coquillages\",\"potentialAction\":[{\"@type\":\"SearchAction\",\"target\":{\"@type\":\"EntryPoint\",\"urlTemplate\":\"https:\\\/\\\/www.maison-merle.fr\\\/?s={search_term_string}\"},\"query-input\":{\"@type\":\"PropertyValueSpecification\",\"valueRequired\":true,\"valueName\":\"search_term_string\"}}],\"inLanguage\":\"en-GB\"}]}<\/script>\n<!-- \/ Yoast SEO plugin. -->","yoast_head_json":{"title":"Le Concept - Merle, restaurant d'hu\u00eetres et fruits de mer - Halles de Lyon","description":"D\u00e9couvrez le Concept de la Maison Merle, sp\u00e9cialiste des hu\u00eetres et fruits de mer situ\u00e9 aux Halles de Lyon.","robots":{"index":"index","follow":"follow","max-snippet":"max-snippet:-1","max-image-preview":"max-image-preview:large","max-video-preview":"max-video-preview:-1"},"canonical":"https:\/\/www.maison-merle.fr\/en\/concept-restaurant-fruit-de-mer-huitres\/","og_locale":"en_GB","og_type":"article","og_title":"Le Concept - Merle, restaurant d'hu\u00eetres et fruits de mer - Halles de Lyon","og_description":"D\u00e9couvrez le Concept de la Maison Merle, sp\u00e9cialiste des hu\u00eetres et fruits de mer situ\u00e9 aux Halles de Lyon.","og_url":"https:\/\/www.maison-merle.fr\/en\/concept-restaurant-fruit-de-mer-huitres\/","og_site_name":"Maison Merle","article_modified_time":"2024-11-28T10:20:12+00:00","twitter_card":"summary_large_image","twitter_misc":{"Estimated reading time":"2 minutes"},"schema":{"@context":"https:\/\/schema.org","@graph":[{"@type":"WebPage","@id":"https:\/\/www.maison-merle.fr\/concept-restaurant-fruit-de-mer-huitres\/","url":"https:\/\/www.maison-merle.fr\/concept-restaurant-fruit-de-mer-huitres\/","name":"Le Concept - Merle, restaurant d'hu\u00eetres et fruits de mer - Halles de Lyon","isPartOf":{"@id":"https:\/\/www.maison-merle.fr\/#website"},"datePublished":"2015-07-07T21:19:17+00:00","dateModified":"2024-11-28T10:20:12+00:00","description":"D\u00e9couvrez le Concept de la Maison Merle, sp\u00e9cialiste des hu\u00eetres et fruits de mer situ\u00e9 aux Halles de Lyon.","breadcrumb":{"@id":"https:\/\/www.maison-merle.fr\/concept-restaurant-fruit-de-mer-huitres\/#breadcrumb"},"inLanguage":"en-GB","potentialAction":[{"@type":"ReadAction","target":["https:\/\/www.maison-merle.fr\/concept-restaurant-fruit-de-mer-huitres\/"]}]},{"@type":"BreadcrumbList","@id":"https:\/\/www.maison-merle.fr\/concept-restaurant-fruit-de-mer-huitres\/#breadcrumb","itemListElement":[{"@type":"ListItem","position":1,"name":"Accueil","item":"https:\/\/www.maison-merle.fr\/"},{"@type":"ListItem","position":2,"name":"Concept"}]},{"@type":"WebSite","@id":"https:\/\/www.maison-merle.fr\/#website","url":"https:\/\/www.maison-merle.fr\/","name":"Maison Merle","description":"Hu\u00eetres &amp; Coquillages","potentialAction":[{"@type":"SearchAction","target":{"@type":"EntryPoint","urlTemplate":"https:\/\/www.maison-merle.fr\/?s={search_term_string}"},"query-input":{"@type":"PropertyValueSpecification","valueRequired":true,"valueName":"search_term_string"}}],"inLanguage":"en-GB"}]}},"_links":{"self":[{"href":"https:\/\/www.maison-merle.fr\/en\/wp-json\/wp\/v2\/pages\/93","targetHints":{"allow":["GET"]}}],"collection":[{"href":"https:\/\/www.maison-merle.fr\/en\/wp-json\/wp\/v2\/pages"}],"about":[{"href":"https:\/\/www.maison-merle.fr\/en\/wp-json\/wp\/v2\/types\/page"}],"author":[{"embeddable":true,"href":"https:\/\/www.maison-merle.fr\/en\/wp-json\/wp\/v2\/users\/3"}],"replies":[{"embeddable":true,"href":"https:\/\/www.maison-merle.fr\/en\/wp-json\/wp\/v2\/comments?post=93"}],"version-history":[{"count":4,"href":"https:\/\/www.maison-merle.fr\/en\/wp-json\/wp\/v2\/pages\/93\/revisions"}],"predecessor-version":[{"id":1633,"href":"https:\/\/www.maison-merle.fr\/en\/wp-json\/wp\/v2\/pages\/93\/revisions\/1633"}],"wp:attachment":[{"href":"https:\/\/www.maison-merle.fr\/en\/wp-json\/wp\/v2\/media?parent=93"}],"wp:term":[{"taxonomy":"category","embeddable":true,"href":"https:\/\/www.maison-merle.fr\/en\/wp-json\/wp\/v2\/categories?post=93"},{"taxonomy":"post_tag","embeddable":true,"href":"https:\/\/www.maison-merle.fr\/en\/wp-json\/wp\/v2\/tags?post=93"}],"curies":[{"name":"wp","href":"https:\/\/api.w.org\/{rel}","templated":true}]}}