{"id":490,"date":"2016-10-17T15:28:48","date_gmt":"2016-10-17T13:28:48","guid":{"rendered":"http:\/\/www.maison-merle.fr\/?page_id=490"},"modified":"2024-02-05T11:22:03","modified_gmt":"2024-02-05T10:22:03","slug":"boutique-plateaux-fruit-de-mer-huitres","status":"publish","type":"page","link":"https:\/\/www.maison-merle.fr\/en\/boutique-plateaux-fruit-de-mer-huitres\/","title":{"rendered":"the shop"},"content":{"rendered":"<p><section class=\"fly-section-image fly-header-image  fly-section-overlay fly-section-height-custom dc40c9c0ca8caedfb95169a75c628c8c header-image-shortcode\" style=\"background-image:url(https:\/\/www.maison-merle.fr\/wp-content\/uploads\/2015\/07\/header.jpg); height:230px;\">\n        <div class=\"container\">\n\t\t<div class=\"row\">\n\t\t\t\t\t\t\t\t<\/div>\n\t<\/div>\n<\/section><span class=\"ancre\" style=\"position:absolute;margin-top:-90px\" id=\"Plateaux-emporter\"><\/span>\n<section class=\"fly-story-box container-min bloc-contenu-full introduction  auto\" style=\"\">\n  \n  <div class=\"container\">\n\t\t<div class=\"row\">\n\t\t\t<div class=\"fly-divider-space\" style=\"height: 0px;\"><\/div>\n\t\t<\/div>\n\t\t<div class=\"row\">\n\t\t\t<div class=\"col-sm-12\">\n\t\t\t\t\t\t\t\t\t<div class=\"fly-story-box-content\">\n\t\t\t\t\t\t<h1>the shop<\/h1>\n<div class=\"click-collect\">\n<p>Vous pouvez d\u00e9sormais effectuer vos commandes en ligne et venir les r\u00e9cup\u00e9rer aupr\u00e8s de notre \u00e9quipe aux Halles de Lyon Maison Merle Hu\u00eetres et Coquillages.<br \/>Pour une garantie de fra\u00eecheur, nos coquillages sont disponibles le weekend, du vendredi au dimanche.<\/p>\n<p><a class=\"button\" href=\"https:\/\/cw.mypi.net\/cw\/30372\/01E41711F2B42C16\" target=\"_blank\" rel=\"noopener\">COMMANDER EN LIGNE<\/a><\/p>\n<\/div>\n<h2>Take away trays<\/h2>\n<p>Choose the simplicity and composing a custom-made seafood platter with the help of our specialists. Our selection of oysters and shells is the guarantee of a successful tasting at home.<\/p>\n\t\t\t\t\t<\/div>\n\t\t\t\t\t\t\t<\/div>\n\t\t<\/div>\n\t\t<div class=\"row\">\n\t\t\t<div class=\"fly-divider-space\" style=\"height: 0px;\"><\/div>\n\t\t<\/div>\n\t<\/div>\n<\/section><section class=\"fly-section-image fly-header-image   fly-section-height-md 06dccbbd2ee65afd1a3fb4d3814a7728 header-image-shortcode\" style=\"background-image:url(https:\/\/www.maison-merle.fr\/wp-content\/uploads\/2018\/11\/DSC_1701.jpg);\">\n        <div class=\"container\">\n\t\t<div class=\"row\">\n\t\t\t\t\t\t\t\t<\/div>\n\t<\/div>\n<\/section><span class=\"ancre\" style=\"position:absolute;margin-top:-90px\" id=\"Le-banc-d-hu-tres\"><\/span>\n<section class=\"fly-story-box container-min bloc-contenu-full  auto\" style=\"\">\n  \n  <div class=\"container\">\n\t\t<div class=\"row\">\n\t\t\t<div class=\"fly-divider-space\" style=\"height: 0px;\"><\/div>\n\t\t<\/div>\n\t\t<div class=\"row\">\n\t\t\t<div class=\"col-sm-12\">\n\t\t\t\t\t\t\t\t\t<div class=\"fly-story-box-content\">\n\t\t\t\t\t\t<h2>Oysters choice<\/h2>\n<p>Discover a seafood choice unique in Lyon with more than fifteen varieties of oysters and shellfish selected from the best producers of our coasts.<\/p>\n\t\t\t\t\t<\/div>\n\t\t\t\t\t\t\t<\/div>\n\t\t<\/div>\n\t\t<div class=\"row\">\n\t\t\t<div class=\"fly-divider-space\" style=\"height: 0px;\"><\/div>\n\t\t<\/div>\n\t<\/div>\n<\/section><section class=\"fly-section-image fly-header-image   fly-section-height-md c183e9e4942b8455efd5e59381c928ea header-image-shortcode\" style=\"background-image:url(https:\/\/www.maison-merle.fr\/wp-content\/uploads\/2018\/11\/DSC_1450-1.jpg);\">\n        <div class=\"container\">\n\t\t<div class=\"row\">\n\t\t\t\t\t\t\t\t<\/div>\n\t<\/div>\n<\/section><\/p>","protected":false},"excerpt":{"rendered":"<p>La boutique Vous pouvez d\u00e9sormais effectuer vos commandes en ligne et venir les r\u00e9cup\u00e9rer aupr\u00e8s de notre \u00e9quipe aux Halles de Lyon Maison Merle Hu\u00eetres et Coquillages.Pour une garantie de fra\u00eecheur, nos coquillages sont disponibles le weekend, du vendredi au dimanche. COMMANDER EN LIGNE Plateaux \u00e0 emporter Faites le choix de la simplicit\u00e9 en composant [&hellip;]<\/p>\n","protected":false},"author":3,"featured_media":0,"parent":0,"menu_order":0,"comment_status":"closed","ping_status":"open","template":"visual-builder-template.php","meta":{"_acf_changed":false,"footnotes":""},"categories":[1],"tags":[],"class_list":["post-490","page","type-page","status-publish","hentry","category-uncategorized"],"acf":[],"yoast_head":"<!-- This site is optimized with the Yoast SEO plugin v27.3 - https:\/\/yoast.com\/product\/yoast-seo-wordpress\/ -->\n<title>La Boutique - Merle, restaurant d&#039;hu\u00eetres et fruits de mer - Halles de Lyon<\/title>\n<meta name=\"description\" content=\"D\u00e9couvrez la boutique de la Maison Merle, restaurant d&#039;hu\u00eetres et fruits de mer. Retrouvez nos plateaux et compositions de fruits de mer.\" \/>\n<meta name=\"robots\" content=\"index, follow, max-snippet:-1, max-image-preview:large, max-video-preview:-1\" \/>\n<link rel=\"canonical\" href=\"https:\/\/www.maison-merle.fr\/en\/boutique-plateaux-fruit-de-mer-huitres\/\" \/>\n<meta property=\"og:locale\" content=\"en_GB\" \/>\n<meta property=\"og:type\" content=\"article\" \/>\n<meta property=\"og:title\" content=\"La Boutique - Merle, restaurant d&#039;hu\u00eetres et fruits de mer - Halles de Lyon\" \/>\n<meta property=\"og:description\" content=\"D\u00e9couvrez la boutique de la Maison Merle, restaurant d&#039;hu\u00eetres et fruits de mer. Retrouvez nos plateaux et compositions de fruits de mer.\" \/>\n<meta property=\"og:url\" content=\"https:\/\/www.maison-merle.fr\/en\/boutique-plateaux-fruit-de-mer-huitres\/\" \/>\n<meta property=\"og:site_name\" content=\"Maison Merle\" \/>\n<meta property=\"article:modified_time\" content=\"2024-02-05T10:22:03+00:00\" \/>\n<meta name=\"twitter:card\" content=\"summary_large_image\" \/>\n<meta name=\"twitter:label1\" content=\"Estimated reading time\" \/>\n\t<meta name=\"twitter:data1\" content=\"1 minute\" \/>\n<script type=\"application\/ld+json\" class=\"yoast-schema-graph\">{\"@context\":\"https:\\\/\\\/schema.org\",\"@graph\":[{\"@type\":\"WebPage\",\"@id\":\"https:\\\/\\\/www.maison-merle.fr\\\/boutique-plateaux-fruit-de-mer-huitres\\\/\",\"url\":\"https:\\\/\\\/www.maison-merle.fr\\\/boutique-plateaux-fruit-de-mer-huitres\\\/\",\"name\":\"La Boutique - Merle, restaurant d'hu\u00eetres et fruits de mer - Halles de Lyon\",\"isPartOf\":{\"@id\":\"https:\\\/\\\/www.maison-merle.fr\\\/#website\"},\"datePublished\":\"2016-10-17T13:28:48+00:00\",\"dateModified\":\"2024-02-05T10:22:03+00:00\",\"description\":\"D\u00e9couvrez la boutique de la Maison Merle, restaurant d'hu\u00eetres et fruits de mer. Retrouvez nos plateaux et compositions de fruits de mer.\",\"breadcrumb\":{\"@id\":\"https:\\\/\\\/www.maison-merle.fr\\\/boutique-plateaux-fruit-de-mer-huitres\\\/#breadcrumb\"},\"inLanguage\":\"en-GB\",\"potentialAction\":[{\"@type\":\"ReadAction\",\"target\":[\"https:\\\/\\\/www.maison-merle.fr\\\/boutique-plateaux-fruit-de-mer-huitres\\\/\"]}]},{\"@type\":\"BreadcrumbList\",\"@id\":\"https:\\\/\\\/www.maison-merle.fr\\\/boutique-plateaux-fruit-de-mer-huitres\\\/#breadcrumb\",\"itemListElement\":[{\"@type\":\"ListItem\",\"position\":1,\"name\":\"Accueil\",\"item\":\"https:\\\/\\\/www.maison-merle.fr\\\/\"},{\"@type\":\"ListItem\",\"position\":2,\"name\":\"La boutique\"}]},{\"@type\":\"WebSite\",\"@id\":\"https:\\\/\\\/www.maison-merle.fr\\\/#website\",\"url\":\"https:\\\/\\\/www.maison-merle.fr\\\/\",\"name\":\"Maison Merle\",\"description\":\"Hu\u00eetres &amp; Coquillages\",\"potentialAction\":[{\"@type\":\"SearchAction\",\"target\":{\"@type\":\"EntryPoint\",\"urlTemplate\":\"https:\\\/\\\/www.maison-merle.fr\\\/?s={search_term_string}\"},\"query-input\":{\"@type\":\"PropertyValueSpecification\",\"valueRequired\":true,\"valueName\":\"search_term_string\"}}],\"inLanguage\":\"en-GB\"}]}<\/script>\n<!-- \/ Yoast SEO plugin. -->","yoast_head_json":{"title":"La Boutique - Merle, restaurant d'hu\u00eetres et fruits de mer - Halles de Lyon","description":"D\u00e9couvrez la boutique de la Maison Merle, restaurant d'hu\u00eetres et fruits de mer. Retrouvez nos plateaux et compositions de fruits de mer.","robots":{"index":"index","follow":"follow","max-snippet":"max-snippet:-1","max-image-preview":"max-image-preview:large","max-video-preview":"max-video-preview:-1"},"canonical":"https:\/\/www.maison-merle.fr\/en\/boutique-plateaux-fruit-de-mer-huitres\/","og_locale":"en_GB","og_type":"article","og_title":"La Boutique - Merle, restaurant d'hu\u00eetres et fruits de mer - Halles de Lyon","og_description":"D\u00e9couvrez la boutique de la Maison Merle, restaurant d'hu\u00eetres et fruits de mer. Retrouvez nos plateaux et compositions de fruits de mer.","og_url":"https:\/\/www.maison-merle.fr\/en\/boutique-plateaux-fruit-de-mer-huitres\/","og_site_name":"Maison Merle","article_modified_time":"2024-02-05T10:22:03+00:00","twitter_card":"summary_large_image","twitter_misc":{"Estimated reading time":"1 minute"},"schema":{"@context":"https:\/\/schema.org","@graph":[{"@type":"WebPage","@id":"https:\/\/www.maison-merle.fr\/boutique-plateaux-fruit-de-mer-huitres\/","url":"https:\/\/www.maison-merle.fr\/boutique-plateaux-fruit-de-mer-huitres\/","name":"La Boutique - Merle, restaurant d'hu\u00eetres et fruits de mer - Halles de Lyon","isPartOf":{"@id":"https:\/\/www.maison-merle.fr\/#website"},"datePublished":"2016-10-17T13:28:48+00:00","dateModified":"2024-02-05T10:22:03+00:00","description":"D\u00e9couvrez la boutique de la Maison Merle, restaurant d'hu\u00eetres et fruits de mer. Retrouvez nos plateaux et compositions de fruits de mer.","breadcrumb":{"@id":"https:\/\/www.maison-merle.fr\/boutique-plateaux-fruit-de-mer-huitres\/#breadcrumb"},"inLanguage":"en-GB","potentialAction":[{"@type":"ReadAction","target":["https:\/\/www.maison-merle.fr\/boutique-plateaux-fruit-de-mer-huitres\/"]}]},{"@type":"BreadcrumbList","@id":"https:\/\/www.maison-merle.fr\/boutique-plateaux-fruit-de-mer-huitres\/#breadcrumb","itemListElement":[{"@type":"ListItem","position":1,"name":"Accueil","item":"https:\/\/www.maison-merle.fr\/"},{"@type":"ListItem","position":2,"name":"La boutique"}]},{"@type":"WebSite","@id":"https:\/\/www.maison-merle.fr\/#website","url":"https:\/\/www.maison-merle.fr\/","name":"Maison Merle","description":"Hu\u00eetres &amp; Coquillages","potentialAction":[{"@type":"SearchAction","target":{"@type":"EntryPoint","urlTemplate":"https:\/\/www.maison-merle.fr\/?s={search_term_string}"},"query-input":{"@type":"PropertyValueSpecification","valueRequired":true,"valueName":"search_term_string"}}],"inLanguage":"en-GB"}]}},"_links":{"self":[{"href":"https:\/\/www.maison-merle.fr\/en\/wp-json\/wp\/v2\/pages\/490","targetHints":{"allow":["GET"]}}],"collection":[{"href":"https:\/\/www.maison-merle.fr\/en\/wp-json\/wp\/v2\/pages"}],"about":[{"href":"https:\/\/www.maison-merle.fr\/en\/wp-json\/wp\/v2\/types\/page"}],"author":[{"embeddable":true,"href":"https:\/\/www.maison-merle.fr\/en\/wp-json\/wp\/v2\/users\/3"}],"replies":[{"embeddable":true,"href":"https:\/\/www.maison-merle.fr\/en\/wp-json\/wp\/v2\/comments?post=490"}],"version-history":[{"count":1,"href":"https:\/\/www.maison-merle.fr\/en\/wp-json\/wp\/v2\/pages\/490\/revisions"}],"predecessor-version":[{"id":1616,"href":"https:\/\/www.maison-merle.fr\/en\/wp-json\/wp\/v2\/pages\/490\/revisions\/1616"}],"wp:attachment":[{"href":"https:\/\/www.maison-merle.fr\/en\/wp-json\/wp\/v2\/media?parent=490"}],"wp:term":[{"taxonomy":"category","embeddable":true,"href":"https:\/\/www.maison-merle.fr\/en\/wp-json\/wp\/v2\/categories?post=490"},{"taxonomy":"post_tag","embeddable":true,"href":"https:\/\/www.maison-merle.fr\/en\/wp-json\/wp\/v2\/tags?post=490"}],"curies":[{"name":"wp","href":"https:\/\/api.w.org\/{rel}","templated":true}]}}