{"id":359,"date":"2016-10-12T16:28:10","date_gmt":"2016-10-12T14:28:10","guid":{"rendered":"http:\/\/www.maison-merle.fr\/?page_id=359"},"modified":"2024-11-28T15:39:04","modified_gmt":"2024-11-28T14:39:04","slug":"la-carte-du-comptoir-fruit-de-mer-huitres","status":"publish","type":"page","link":"https:\/\/www.maison-merle.fr\/en\/la-carte-du-comptoir-fruit-de-mer-huitres\/","title":{"rendered":"Counter menu"},"content":{"rendered":"<section class=\"fly-section-image fly-header-image   fly-section-height-custom c805be31f6cd76890fee162c5a68f97e header-image-shortcode\" style=\"background-image:url(https:\/\/www.maison-merle.fr\/wp-content\/uploads\/2015\/07\/header.jpg); height:230px;\">\n        <div class=\"container\">\n\t\t<div class=\"row\">\n\t\t\t\t\t\t\t\t<\/div>\n\t<\/div>\n<\/section>","protected":false},"excerpt":{"rendered":"","protected":false},"author":3,"featured_media":0,"parent":0,"menu_order":0,"comment_status":"closed","ping_status":"closed","template":"visual-builder-template.php","meta":{"_acf_changed":false,"footnotes":""},"categories":[30],"tags":[],"class_list":["post-359","page","type-page","status-publish","hentry","category-menu"],"acf":[],"yoast_head":"<!-- This site is optimized with the Yoast SEO plugin v27.3 - https:\/\/yoast.com\/product\/yoast-seo-wordpress\/ -->\n<title>La Carte du Comptoir - Merle, restaurant sp\u00e9cialiste des fruits<\/title>\n<meta name=\"description\" content=\"D\u00e9couvrez la Carte du Comptoir de la Maison Merle, restaurant de fruits de mer, d&#039;hu\u00eetres et coquillages situ\u00e9 aux Halles de Lyon. Prix pour d\u00e9gustation debout.\" \/>\n<meta name=\"robots\" content=\"index, follow, max-snippet:-1, max-image-preview:large, max-video-preview:-1\" \/>\n<link rel=\"canonical\" href=\"https:\/\/www.maison-merle.fr\/en\/la-carte-du-comptoir-fruit-de-mer-huitres\/\" \/>\n<meta property=\"og:locale\" content=\"en_GB\" \/>\n<meta property=\"og:type\" content=\"article\" \/>\n<meta property=\"og:title\" content=\"La Carte du Comptoir - Merle, restaurant sp\u00e9cialiste des fruits\" \/>\n<meta property=\"og:description\" content=\"D\u00e9couvrez la Carte du Comptoir de la Maison Merle, restaurant de fruits de mer, d&#039;hu\u00eetres et coquillages situ\u00e9 aux Halles de Lyon. Prix pour d\u00e9gustation debout.\" \/>\n<meta property=\"og:url\" content=\"https:\/\/www.maison-merle.fr\/en\/la-carte-du-comptoir-fruit-de-mer-huitres\/\" \/>\n<meta property=\"og:site_name\" content=\"Maison Merle\" \/>\n<meta property=\"article:modified_time\" content=\"2024-11-28T14:39:04+00:00\" \/>\n<meta name=\"twitter:card\" content=\"summary_large_image\" \/>\n<script type=\"application\/ld+json\" class=\"yoast-schema-graph\">{\"@context\":\"https:\\\/\\\/schema.org\",\"@graph\":[{\"@type\":\"WebPage\",\"@id\":\"https:\\\/\\\/www.maison-merle.fr\\\/la-carte-du-comptoir-fruit-de-mer-huitres\\\/\",\"url\":\"https:\\\/\\\/www.maison-merle.fr\\\/la-carte-du-comptoir-fruit-de-mer-huitres\\\/\",\"name\":\"La Carte du Comptoir - Merle, restaurant sp\u00e9cialiste des fruits\",\"isPartOf\":{\"@id\":\"https:\\\/\\\/www.maison-merle.fr\\\/#website\"},\"datePublished\":\"2016-10-12T14:28:10+00:00\",\"dateModified\":\"2024-11-28T14:39:04+00:00\",\"description\":\"D\u00e9couvrez la Carte du Comptoir de la Maison Merle, restaurant de fruits de mer, d'hu\u00eetres et coquillages situ\u00e9 aux Halles de Lyon. Prix pour d\u00e9gustation debout.\",\"breadcrumb\":{\"@id\":\"https:\\\/\\\/www.maison-merle.fr\\\/la-carte-du-comptoir-fruit-de-mer-huitres\\\/#breadcrumb\"},\"inLanguage\":\"en-GB\",\"potentialAction\":[{\"@type\":\"ReadAction\",\"target\":[\"https:\\\/\\\/www.maison-merle.fr\\\/la-carte-du-comptoir-fruit-de-mer-huitres\\\/\"]}]},{\"@type\":\"BreadcrumbList\",\"@id\":\"https:\\\/\\\/www.maison-merle.fr\\\/la-carte-du-comptoir-fruit-de-mer-huitres\\\/#breadcrumb\",\"itemListElement\":[{\"@type\":\"ListItem\",\"position\":1,\"name\":\"Accueil\",\"item\":\"https:\\\/\\\/www.maison-merle.fr\\\/\"},{\"@type\":\"ListItem\",\"position\":2,\"name\":\"La carte du comptoir\"}]},{\"@type\":\"WebSite\",\"@id\":\"https:\\\/\\\/www.maison-merle.fr\\\/#website\",\"url\":\"https:\\\/\\\/www.maison-merle.fr\\\/\",\"name\":\"Maison Merle\",\"description\":\"Hu\u00eetres &amp; Coquillages\",\"potentialAction\":[{\"@type\":\"SearchAction\",\"target\":{\"@type\":\"EntryPoint\",\"urlTemplate\":\"https:\\\/\\\/www.maison-merle.fr\\\/?s={search_term_string}\"},\"query-input\":{\"@type\":\"PropertyValueSpecification\",\"valueRequired\":true,\"valueName\":\"search_term_string\"}}],\"inLanguage\":\"en-GB\"}]}<\/script>\n<!-- \/ Yoast SEO plugin. -->","yoast_head_json":{"title":"La Carte du Comptoir - Merle, restaurant sp\u00e9cialiste des fruits","description":"D\u00e9couvrez la Carte du Comptoir de la Maison Merle, restaurant de fruits de mer, d'hu\u00eetres et coquillages situ\u00e9 aux Halles de Lyon. Prix pour d\u00e9gustation debout.","robots":{"index":"index","follow":"follow","max-snippet":"max-snippet:-1","max-image-preview":"max-image-preview:large","max-video-preview":"max-video-preview:-1"},"canonical":"https:\/\/www.maison-merle.fr\/en\/la-carte-du-comptoir-fruit-de-mer-huitres\/","og_locale":"en_GB","og_type":"article","og_title":"La Carte du Comptoir - Merle, restaurant sp\u00e9cialiste des fruits","og_description":"D\u00e9couvrez la Carte du Comptoir de la Maison Merle, restaurant de fruits de mer, d'hu\u00eetres et coquillages situ\u00e9 aux Halles de Lyon. Prix pour d\u00e9gustation debout.","og_url":"https:\/\/www.maison-merle.fr\/en\/la-carte-du-comptoir-fruit-de-mer-huitres\/","og_site_name":"Maison Merle","article_modified_time":"2024-11-28T14:39:04+00:00","twitter_card":"summary_large_image","schema":{"@context":"https:\/\/schema.org","@graph":[{"@type":"WebPage","@id":"https:\/\/www.maison-merle.fr\/la-carte-du-comptoir-fruit-de-mer-huitres\/","url":"https:\/\/www.maison-merle.fr\/la-carte-du-comptoir-fruit-de-mer-huitres\/","name":"La Carte du Comptoir - Merle, restaurant sp\u00e9cialiste des fruits","isPartOf":{"@id":"https:\/\/www.maison-merle.fr\/#website"},"datePublished":"2016-10-12T14:28:10+00:00","dateModified":"2024-11-28T14:39:04+00:00","description":"D\u00e9couvrez la Carte du Comptoir de la Maison Merle, restaurant de fruits de mer, d'hu\u00eetres et coquillages situ\u00e9 aux Halles de Lyon. Prix pour d\u00e9gustation debout.","breadcrumb":{"@id":"https:\/\/www.maison-merle.fr\/la-carte-du-comptoir-fruit-de-mer-huitres\/#breadcrumb"},"inLanguage":"en-GB","potentialAction":[{"@type":"ReadAction","target":["https:\/\/www.maison-merle.fr\/la-carte-du-comptoir-fruit-de-mer-huitres\/"]}]},{"@type":"BreadcrumbList","@id":"https:\/\/www.maison-merle.fr\/la-carte-du-comptoir-fruit-de-mer-huitres\/#breadcrumb","itemListElement":[{"@type":"ListItem","position":1,"name":"Accueil","item":"https:\/\/www.maison-merle.fr\/"},{"@type":"ListItem","position":2,"name":"La carte du comptoir"}]},{"@type":"WebSite","@id":"https:\/\/www.maison-merle.fr\/#website","url":"https:\/\/www.maison-merle.fr\/","name":"Maison Merle","description":"Hu\u00eetres &amp; Coquillages","potentialAction":[{"@type":"SearchAction","target":{"@type":"EntryPoint","urlTemplate":"https:\/\/www.maison-merle.fr\/?s={search_term_string}"},"query-input":{"@type":"PropertyValueSpecification","valueRequired":true,"valueName":"search_term_string"}}],"inLanguage":"en-GB"}]}},"_links":{"self":[{"href":"https:\/\/www.maison-merle.fr\/en\/wp-json\/wp\/v2\/pages\/359","targetHints":{"allow":["GET"]}}],"collection":[{"href":"https:\/\/www.maison-merle.fr\/en\/wp-json\/wp\/v2\/pages"}],"about":[{"href":"https:\/\/www.maison-merle.fr\/en\/wp-json\/wp\/v2\/types\/page"}],"author":[{"embeddable":true,"href":"https:\/\/www.maison-merle.fr\/en\/wp-json\/wp\/v2\/users\/3"}],"replies":[{"embeddable":true,"href":"https:\/\/www.maison-merle.fr\/en\/wp-json\/wp\/v2\/comments?post=359"}],"version-history":[{"count":2,"href":"https:\/\/www.maison-merle.fr\/en\/wp-json\/wp\/v2\/pages\/359\/revisions"}],"predecessor-version":[{"id":1602,"href":"https:\/\/www.maison-merle.fr\/en\/wp-json\/wp\/v2\/pages\/359\/revisions\/1602"}],"wp:attachment":[{"href":"https:\/\/www.maison-merle.fr\/en\/wp-json\/wp\/v2\/media?parent=359"}],"wp:term":[{"taxonomy":"category","embeddable":true,"href":"https:\/\/www.maison-merle.fr\/en\/wp-json\/wp\/v2\/categories?post=359"},{"taxonomy":"post_tag","embeddable":true,"href":"https:\/\/www.maison-merle.fr\/en\/wp-json\/wp\/v2\/tags?post=359"}],"curies":[{"name":"wp","href":"https:\/\/api.w.org\/{rel}","templated":true}]}}