{"id":1397,"date":"2020-08-27T16:48:34","date_gmt":"2020-08-27T14:48:34","guid":{"rendered":"https:\/\/www.maison-merle.fr\/?page_id=1397"},"modified":"2024-02-05T11:22:02","modified_gmt":"2024-02-05T10:22:02","slug":"charte-covid","status":"publish","type":"page","link":"https:\/\/www.maison-merle.fr\/en\/charte-covid\/","title":{"rendered":"Charte Covid-19"},"content":{"rendered":"<p><section class=\"fly-section-image fly-header-image  fly-section-overlay fly-section-height-custom dc40c9c0ca8caedfb95169a75c628c8c header-image-shortcode\" style=\"background-image:url(https:\/\/www.maison-merle.fr\/wp-content\/uploads\/2015\/07\/header.jpg); height:230px;\">\n        <div class=\"container\">\n\t\t<div class=\"row\">\n\t\t\t\t\t\t\t\t<\/div>\n\t<\/div>\n<\/section><span class=\"ancre\" style=\"position:absolute;margin-top:-90px\" id=\"charte-covid\"><\/span>\n<section class=\"fly-story-box container-min bloc-contenu-full introduction  auto\" style=\"\">\n  \n  <div class=\"container\">\n\t\t<div class=\"row\">\n\t\t\t<div class=\"fly-divider-space\" style=\"height: 0px;\"><\/div>\n\t\t<\/div>\n\t\t<div class=\"row\">\n\t\t\t<div class=\"col-sm-12\">\n\t\t\t\t\t\t\t\t\t<div class=\"fly-story-box-content\">\n\t\t\t\t\t\t<h1>Notre charte pour le plaisir de d\u00e9guster des hu\u00eetres d'exception en tout s\u00e9curit\u00e9\u00a0!<\/h1>\n<h2>Ensemble, continuons de nous prot\u00e9ger et de prot\u00e9ger les autres en respectant quelques principes simples\u00a0:<\/h2>\n<ul style=\"font-size: 1.2em;\">\n<li>Rester vigilants \u00e0 l\u2019apparition de sympt\u00f4mes et contacter un m\u00e9decin en cas de doute<\/li>\n<li>Respecter scrupuleusement les gestes barri\u00e8res : se laver r\u00e9guli\u00e8rement les mains au savon ou les d\u00e9sinfecter au gel hydroalcoolique, tousser et \u00e9ternuer dans son coude ou dans un mouchoir, se moucher dans un mouchoir \u00e0 usage unique et le jeter, \u00e9viter de se toucher le visage, saluer sans se serrer la main et arr\u00eater les embrassades<\/li>\n<li>Respecter les mesures de distanciation sociale<\/li>\n<li>Porter un masque lors de nos d\u00e9placements dans les halles et au sein du restaurant<\/li>\n<li>Respecter la signal\u00e9tique directionnelle et limiter les d\u00e9placements pour \u00e9viter les croisements<\/li>\n<li>Consulter la carte digitalis\u00e9e via le QR code pr\u00e9vu \u00e0 cet effet<\/li>\n<li>Privil\u00e9gier le paiement en carte bancaire sans contact<\/li>\n<\/ul>\n<h2><\/h2>\n<h2>En compl\u00e9ment de ces mesures communes, les collaborateurs de la Maison Merle s\u2019engagent \u00e0\u00a0:<\/h2>\n<ul style=\"font-size: 1.2em;\">\n<li>Effectuer une formation aux proc\u00e9dures sanitaires en vigueur<\/li>\n<li>Porter une protection type masque ou visi\u00e8re en permanence<\/li>\n<li>Porter des v\u00eatements professionnels propres et d\u00e9sinfect\u00e9s<\/li>\n<li>Renforcer le nettoyage et la d\u00e9sinfection des locaux, mat\u00e9riels et surfaces<\/li>\n<li>Respecter scrupuleusement le protocole sanitaire mis en place pour lutter contre le coronavirus<\/li>\n<li>Nommer un r\u00e9f\u00e9rent Covid en charge de la surveillance du respect du protocole sanitaire, en collaboration avec le personnel encadrant<\/li>\n<\/ul>\n\t\t\t\t\t<\/div>\n\t\t\t\t\t\t\t<\/div>\n\t\t<\/div>\n\t\t<div class=\"row\">\n\t\t\t<div class=\"fly-divider-space\" style=\"height: 0px;\"><\/div>\n\t\t<\/div>\n\t<\/div>\n<\/section><\/p>","protected":false},"excerpt":{"rendered":"<p>Notre charte pour le plaisir de d\u00e9guster des hu\u00eetres d&rsquo;exception en tout s\u00e9curit\u00e9\u00a0! Ensemble, continuons de nous prot\u00e9ger et de prot\u00e9ger les autres en respectant quelques principes simples\u00a0: Rester vigilants \u00e0 l\u2019apparition de sympt\u00f4mes et contacter un m\u00e9decin en cas de doute Respecter scrupuleusement les gestes barri\u00e8res : se laver r\u00e9guli\u00e8rement les mains au savon [&hellip;]<\/p>\n","protected":false},"author":2,"featured_media":0,"parent":0,"menu_order":0,"comment_status":"closed","ping_status":"open","template":"visual-builder-template.php","meta":{"_acf_changed":false,"footnotes":""},"categories":[1],"tags":[],"class_list":["post-1397","page","type-page","status-publish","hentry","category-uncategorized"],"acf":[],"yoast_head":"<!-- This site is optimized with the Yoast SEO plugin v27.3 - https:\/\/yoast.com\/product\/yoast-seo-wordpress\/ -->\n<title>Le Concept - Merle, restaurant d&#039;hu\u00eetres et fruits de mer - Halles de Lyon<\/title>\n<meta name=\"description\" content=\"D\u00e9couvrez le Concept de la Maison Merle, sp\u00e9cialiste des hu\u00eetres et fruits de mer situ\u00e9 aux Halles de Lyon.\" \/>\n<meta name=\"robots\" content=\"index, follow, max-snippet:-1, max-image-preview:large, max-video-preview:-1\" \/>\n<link rel=\"canonical\" href=\"https:\/\/www.maison-merle.fr\/en\/charte-covid\/\" \/>\n<meta property=\"og:locale\" content=\"en_GB\" \/>\n<meta property=\"og:type\" content=\"article\" \/>\n<meta property=\"og:title\" content=\"Le Concept - Merle, restaurant d&#039;hu\u00eetres et fruits de mer - Halles de Lyon\" \/>\n<meta property=\"og:description\" content=\"D\u00e9couvrez le Concept de la Maison Merle, sp\u00e9cialiste des hu\u00eetres et fruits de mer situ\u00e9 aux Halles de Lyon.\" \/>\n<meta property=\"og:url\" content=\"https:\/\/www.maison-merle.fr\/en\/charte-covid\/\" \/>\n<meta property=\"og:site_name\" content=\"Maison Merle\" \/>\n<meta property=\"article:modified_time\" content=\"2024-02-05T10:22:02+00:00\" \/>\n<meta name=\"twitter:card\" content=\"summary_large_image\" \/>\n<meta name=\"twitter:label1\" content=\"Estimated reading time\" \/>\n\t<meta name=\"twitter:data1\" content=\"1 minute\" \/>\n<script type=\"application\/ld+json\" class=\"yoast-schema-graph\">{\"@context\":\"https:\\\/\\\/schema.org\",\"@graph\":[{\"@type\":\"WebPage\",\"@id\":\"https:\\\/\\\/www.maison-merle.fr\\\/charte-covid\\\/\",\"url\":\"https:\\\/\\\/www.maison-merle.fr\\\/charte-covid\\\/\",\"name\":\"Le Concept - Merle, restaurant d'hu\u00eetres et fruits de mer - Halles de Lyon\",\"isPartOf\":{\"@id\":\"https:\\\/\\\/www.maison-merle.fr\\\/#website\"},\"datePublished\":\"2020-08-27T14:48:34+00:00\",\"dateModified\":\"2024-02-05T10:22:02+00:00\",\"description\":\"D\u00e9couvrez le Concept de la Maison Merle, sp\u00e9cialiste des hu\u00eetres et fruits de mer situ\u00e9 aux Halles de Lyon.\",\"breadcrumb\":{\"@id\":\"https:\\\/\\\/www.maison-merle.fr\\\/charte-covid\\\/#breadcrumb\"},\"inLanguage\":\"en-GB\",\"potentialAction\":[{\"@type\":\"ReadAction\",\"target\":[\"https:\\\/\\\/www.maison-merle.fr\\\/charte-covid\\\/\"]}]},{\"@type\":\"BreadcrumbList\",\"@id\":\"https:\\\/\\\/www.maison-merle.fr\\\/charte-covid\\\/#breadcrumb\",\"itemListElement\":[{\"@type\":\"ListItem\",\"position\":1,\"name\":\"Accueil\",\"item\":\"https:\\\/\\\/www.maison-merle.fr\\\/\"},{\"@type\":\"ListItem\",\"position\":2,\"name\":\"Charte Covid-19\"}]},{\"@type\":\"WebSite\",\"@id\":\"https:\\\/\\\/www.maison-merle.fr\\\/#website\",\"url\":\"https:\\\/\\\/www.maison-merle.fr\\\/\",\"name\":\"Maison Merle\",\"description\":\"Hu\u00eetres &amp; Coquillages\",\"potentialAction\":[{\"@type\":\"SearchAction\",\"target\":{\"@type\":\"EntryPoint\",\"urlTemplate\":\"https:\\\/\\\/www.maison-merle.fr\\\/?s={search_term_string}\"},\"query-input\":{\"@type\":\"PropertyValueSpecification\",\"valueRequired\":true,\"valueName\":\"search_term_string\"}}],\"inLanguage\":\"en-GB\"}]}<\/script>\n<!-- \/ Yoast SEO plugin. -->","yoast_head_json":{"title":"Le Concept - Merle, restaurant d'hu\u00eetres et fruits de mer - Halles de Lyon","description":"D\u00e9couvrez le Concept de la Maison Merle, sp\u00e9cialiste des hu\u00eetres et fruits de mer situ\u00e9 aux Halles de Lyon.","robots":{"index":"index","follow":"follow","max-snippet":"max-snippet:-1","max-image-preview":"max-image-preview:large","max-video-preview":"max-video-preview:-1"},"canonical":"https:\/\/www.maison-merle.fr\/en\/charte-covid\/","og_locale":"en_GB","og_type":"article","og_title":"Le Concept - Merle, restaurant d'hu\u00eetres et fruits de mer - Halles de Lyon","og_description":"D\u00e9couvrez le Concept de la Maison Merle, sp\u00e9cialiste des hu\u00eetres et fruits de mer situ\u00e9 aux Halles de Lyon.","og_url":"https:\/\/www.maison-merle.fr\/en\/charte-covid\/","og_site_name":"Maison Merle","article_modified_time":"2024-02-05T10:22:02+00:00","twitter_card":"summary_large_image","twitter_misc":{"Estimated reading time":"1 minute"},"schema":{"@context":"https:\/\/schema.org","@graph":[{"@type":"WebPage","@id":"https:\/\/www.maison-merle.fr\/charte-covid\/","url":"https:\/\/www.maison-merle.fr\/charte-covid\/","name":"Le Concept - Merle, restaurant d'hu\u00eetres et fruits de mer - Halles de Lyon","isPartOf":{"@id":"https:\/\/www.maison-merle.fr\/#website"},"datePublished":"2020-08-27T14:48:34+00:00","dateModified":"2024-02-05T10:22:02+00:00","description":"D\u00e9couvrez le Concept de la Maison Merle, sp\u00e9cialiste des hu\u00eetres et fruits de mer situ\u00e9 aux Halles de Lyon.","breadcrumb":{"@id":"https:\/\/www.maison-merle.fr\/charte-covid\/#breadcrumb"},"inLanguage":"en-GB","potentialAction":[{"@type":"ReadAction","target":["https:\/\/www.maison-merle.fr\/charte-covid\/"]}]},{"@type":"BreadcrumbList","@id":"https:\/\/www.maison-merle.fr\/charte-covid\/#breadcrumb","itemListElement":[{"@type":"ListItem","position":1,"name":"Accueil","item":"https:\/\/www.maison-merle.fr\/"},{"@type":"ListItem","position":2,"name":"Charte Covid-19"}]},{"@type":"WebSite","@id":"https:\/\/www.maison-merle.fr\/#website","url":"https:\/\/www.maison-merle.fr\/","name":"Maison Merle","description":"Hu\u00eetres &amp; Coquillages","potentialAction":[{"@type":"SearchAction","target":{"@type":"EntryPoint","urlTemplate":"https:\/\/www.maison-merle.fr\/?s={search_term_string}"},"query-input":{"@type":"PropertyValueSpecification","valueRequired":true,"valueName":"search_term_string"}}],"inLanguage":"en-GB"}]}},"_links":{"self":[{"href":"https:\/\/www.maison-merle.fr\/en\/wp-json\/wp\/v2\/pages\/1397","targetHints":{"allow":["GET"]}}],"collection":[{"href":"https:\/\/www.maison-merle.fr\/en\/wp-json\/wp\/v2\/pages"}],"about":[{"href":"https:\/\/www.maison-merle.fr\/en\/wp-json\/wp\/v2\/types\/page"}],"author":[{"embeddable":true,"href":"https:\/\/www.maison-merle.fr\/en\/wp-json\/wp\/v2\/users\/2"}],"replies":[{"embeddable":true,"href":"https:\/\/www.maison-merle.fr\/en\/wp-json\/wp\/v2\/comments?post=1397"}],"version-history":[{"count":1,"href":"https:\/\/www.maison-merle.fr\/en\/wp-json\/wp\/v2\/pages\/1397\/revisions"}],"predecessor-version":[{"id":1613,"href":"https:\/\/www.maison-merle.fr\/en\/wp-json\/wp\/v2\/pages\/1397\/revisions\/1613"}],"wp:attachment":[{"href":"https:\/\/www.maison-merle.fr\/en\/wp-json\/wp\/v2\/media?parent=1397"}],"wp:term":[{"taxonomy":"category","embeddable":true,"href":"https:\/\/www.maison-merle.fr\/en\/wp-json\/wp\/v2\/categories?post=1397"},{"taxonomy":"post_tag","embeddable":true,"href":"https:\/\/www.maison-merle.fr\/en\/wp-json\/wp\/v2\/tags?post=1397"}],"curies":[{"name":"wp","href":"https:\/\/api.w.org\/{rel}","templated":true}]}}