{"id":135,"date":"2015-07-18T19:40:42","date_gmt":"2015-07-18T19:40:42","guid":{"rendered":"http:\/\/www.maison-merle.fr\/?page_id=135"},"modified":"2025-03-07T10:05:18","modified_gmt":"2025-03-07T09:05:18","slug":"accueil","status":"publish","type":"page","link":"https:\/\/www.maison-merle.fr\/en\/","title":{"rendered":"Accueil"},"content":{"rendered":"    <script>\n        var tag = document.createElement('script');\n        tag.src = \"https:\/\/www.youtube.com\/iframe_api\";\n        var firstScriptTag = document.getElementsByTagName('script')[0];\n        firstScriptTag.parentNode.insertBefore(tag, firstScriptTag);\n    <\/script>\n\n\t<section class=\"fly-slider-full\">\n\t\t<div class=\"main-carousel default\">\n\t\t\t<div class=\"containervideo\">\n\t   <script src=\"https:\/\/www.youtube.com\/iframe_api\"><\/script>\n\t   <script>\n\t\tvar player, iframe;\n\t\t\n\t\tfunction onYouTubeIframeAPIReady() {\n\t\t  player = new YT.Player('player', {\n\t\t    height: '200',\n\t\t    width: '300',\n\t\t    videoId: 'Le-pO8SrfEM',\n\t\t    playerVars: {autoplay: 1, rel: 0, playlist: 'Le-pO8SrfEM', loop : 1, controls : 0, disablekb : 1, fs : 0, modestbranding: 1, showinfo : 0, playsinline : 1},\n\t\t    events: {\n\t\t      'onReady': onIframePlayerReady\n\t\t    }\n\t\t  });\n\t\t}\n\t\t\n\t\tfunction onIframePlayerReady(event) {\n\t\t  var player = event.target;\n\t\t  iframe = jQuery('#player').get(0);\n\t\t\/\/  setupListener();\n\t\t  player.mute();\n\t\t  player.setLoop(true);\n\t\t  player.playVideo();\n\t\t  \n\t\t  jQuery('#player').mouseover(function()\n\t\t  {\n\t\t\t return false; \n\t\t  });\n\t\t}\n\t<\/script>\n\t<div class=\"video\" id=\"player\"><\/div>\n<\/div>\n\t\t\t<div id=\"Carousel-929de0353e9e4d64bc7f57bd1cf391e2\" class=\"carousel slide\">\n\t\t\t\t<div class=\"carousel-inner\">\n\t\t\t\t\t\t\t\t\t<!-- Carousel items -->\n\t\t\t\t\t<div class=\"item parallax active\" style=\"background-image:url(\/\/www.maison-merle.fr\/wp-content\/uploads\/2021\/10\/DSC_5290RET-scaled.jpg);\">\n                        \n\t\t\t\t\t\t<div class=\"container\">\n\t\t\t\t\t\t\t<div class=\"fly-itable\">\n\t\t\t\t\t\t\t\t<div class=\"fly-icell\">\n\t\t\t\t\t\t\t\t\t<div class=\"fly-wrap-text-slider\">\n\t\t\t\t\t\t\t\t\t\t\t\t\t\t\t\t\t\t\t\t\t\t\t\t\t\t\t\t\t<\/div>\n\t\t\t\t\t\t\t\t<\/div>\n\t\t\t\t\t\t\t<\/div>\n\t\t\t\t\t\t<\/div>\n\t\t\t\t\t<\/div>\n\t\t\t\t\t<!-- Carousel items -->\n\t\t\t\t\t\t\t\t\t\t\t\t\t\t\t\t\t\t\t<\/div>\n\t\t\t\t<!--Carousel Indicator-->\n\t\t\t\t<ol class=\"carousel-indicators\">\n\t\t\t\t\t<li data-target=\"#Carousel-929de0353e9e4d64bc7f57bd1cf391e2\" data-slide-to=\"0\" class=\"active\"><\/li>\n\t\t\t\t<\/ol>\n\t\t\t<\/div>\n\t\t<\/div>\n\t<\/section>\n\t<script>\n\t\t\/\/ set height for item in slider\n\t\tjQuery(window).load(function(){\n\t\t\tvar screenHeight = jQuery(window).height(),\n\t\t\t\tscreenRes = jQuery(window).width();\n\t\t\tif(screenRes > 768 ) {\n\t\t\t\tjQuery('.fly-slider-full .item').css('height', screenHeight);\n\t\t\t}\n\t\t});\n\n\t\t\/\/ set height for item in slider (resize image)\n\t\tjQuery(window).resize(function(){\n\t\t\tvar screenHeight = jQuery(window).height(),\n\t\t\t\tscreenRes = jQuery(window).width();\n\t\t\tif(screenRes > 768 ) {\n\t\t\t\tjQuery('.fly-slider-full .item').css('height', screenHeight);\n\t\t\t}\n\t\t});\n\n\t\tjQuery(document).ready(function() {\n\t\t\tjQuery('#Carousel-929de0353e9e4d64bc7f57bd1cf391e2').carousel({\n\t\t\t\tinterval: 7500\t\t\t});\n\n\t\t\tif (Modernizr.touch) {\n\t\t\t\tjQuery('#Carousel-929de0353e9e4d64bc7f57bd1cf391e2').find('.carousel-inner').swipe({\n\t\t\t\t\tswipeLeft: function () {\n\t\t\t\t\t\tjQuery(this).parent().carousel('next');\n\t\t\t\t\t},\n\t\t\t\t\tswipeRight: function () {\n\t\t\t\t\t\tjQuery(this).parent().carousel('prev');\n\t\t\t\t\t},\n\t\t\t\t\tthreshold: 30\n\t\t\t\t});\n\t\t\t}\n\t\t});\n\t<\/script>\n\n","protected":false},"excerpt":{"rendered":"","protected":false},"author":3,"featured_media":0,"parent":0,"menu_order":0,"comment_status":"closed","ping_status":"open","template":"visual-builder-template.php","meta":{"_acf_changed":false,"footnotes":""},"categories":[1],"tags":[],"class_list":["post-135","page","type-page","status-publish","hentry","category-uncategorized"],"acf":[],"yoast_head":"<!-- This site is optimized with the Yoast SEO plugin v27.3 - https:\/\/yoast.com\/product\/yoast-seo-wordpress\/ -->\n<title>MERLE : Restaurant d&#039;hu\u00eetres, coquillages et fruits de mer \u00e0 Lyon<\/title>\n<meta name=\"description\" content=\"MERLE, sp\u00e9cialiste des hu\u00eetres et coquillages sur Lyon et la r\u00e9gion lyonnaise, propose une s\u00e9lection rigoureuse de fruits de mers sur place ou \u00e0 emporter.\" \/>\n<meta name=\"robots\" content=\"index, follow, max-snippet:-1, max-image-preview:large, max-video-preview:-1\" \/>\n<link rel=\"canonical\" href=\"https:\/\/www.maison-merle.fr\/en\/\" \/>\n<meta property=\"og:locale\" content=\"en_GB\" \/>\n<meta property=\"og:type\" content=\"article\" \/>\n<meta property=\"og:title\" content=\"MERLE : Restaurant d&#039;hu\u00eetres, coquillages et fruits de mer \u00e0 Lyon\" \/>\n<meta property=\"og:description\" content=\"MERLE, sp\u00e9cialiste des hu\u00eetres et coquillages sur Lyon et la r\u00e9gion lyonnaise, propose une s\u00e9lection rigoureuse de fruits de mers sur place ou \u00e0 emporter.\" \/>\n<meta property=\"og:url\" content=\"https:\/\/www.maison-merle.fr\/en\/\" \/>\n<meta property=\"og:site_name\" content=\"Maison Merle\" \/>\n<meta property=\"article:modified_time\" content=\"2025-03-07T09:05:18+00:00\" \/>\n<meta name=\"twitter:card\" content=\"summary_large_image\" \/>\n<script type=\"application\/ld+json\" class=\"yoast-schema-graph\">{\"@context\":\"https:\\\/\\\/schema.org\",\"@graph\":[{\"@type\":\"WebPage\",\"@id\":\"https:\\\/\\\/www.maison-merle.fr\\\/\",\"url\":\"https:\\\/\\\/www.maison-merle.fr\\\/\",\"name\":\"MERLE : Restaurant d'hu\u00eetres, coquillages et fruits de mer \u00e0 Lyon\",\"isPartOf\":{\"@id\":\"https:\\\/\\\/www.maison-merle.fr\\\/#website\"},\"datePublished\":\"2015-07-18T19:40:42+00:00\",\"dateModified\":\"2025-03-07T09:05:18+00:00\",\"description\":\"MERLE, sp\u00e9cialiste des hu\u00eetres et coquillages sur Lyon et la r\u00e9gion lyonnaise, propose une s\u00e9lection rigoureuse de fruits de mers sur place ou \u00e0 emporter.\",\"breadcrumb\":{\"@id\":\"https:\\\/\\\/www.maison-merle.fr\\\/#breadcrumb\"},\"inLanguage\":\"en-GB\",\"potentialAction\":[{\"@type\":\"ReadAction\",\"target\":[\"https:\\\/\\\/www.maison-merle.fr\\\/\"]}]},{\"@type\":\"BreadcrumbList\",\"@id\":\"https:\\\/\\\/www.maison-merle.fr\\\/#breadcrumb\",\"itemListElement\":[{\"@type\":\"ListItem\",\"position\":1,\"name\":\"Accueil\",\"item\":\"https:\\\/\\\/www.maison-merle.fr\\\/\"},{\"@type\":\"ListItem\",\"position\":2,\"name\":\"Accueil\"}]},{\"@type\":\"WebSite\",\"@id\":\"https:\\\/\\\/www.maison-merle.fr\\\/#website\",\"url\":\"https:\\\/\\\/www.maison-merle.fr\\\/\",\"name\":\"Maison Merle\",\"description\":\"Hu\u00eetres &amp; Coquillages\",\"potentialAction\":[{\"@type\":\"SearchAction\",\"target\":{\"@type\":\"EntryPoint\",\"urlTemplate\":\"https:\\\/\\\/www.maison-merle.fr\\\/?s={search_term_string}\"},\"query-input\":{\"@type\":\"PropertyValueSpecification\",\"valueRequired\":true,\"valueName\":\"search_term_string\"}}],\"inLanguage\":\"en-GB\"}]}<\/script>\n<!-- \/ Yoast SEO plugin. -->","yoast_head_json":{"title":"MERLE : Restaurant d'hu\u00eetres, coquillages et fruits de mer \u00e0 Lyon","description":"MERLE, sp\u00e9cialiste des hu\u00eetres et coquillages sur Lyon et la r\u00e9gion lyonnaise, propose une s\u00e9lection rigoureuse de fruits de mers sur place ou \u00e0 emporter.","robots":{"index":"index","follow":"follow","max-snippet":"max-snippet:-1","max-image-preview":"max-image-preview:large","max-video-preview":"max-video-preview:-1"},"canonical":"https:\/\/www.maison-merle.fr\/en\/","og_locale":"en_GB","og_type":"article","og_title":"MERLE : Restaurant d'hu\u00eetres, coquillages et fruits de mer \u00e0 Lyon","og_description":"MERLE, sp\u00e9cialiste des hu\u00eetres et coquillages sur Lyon et la r\u00e9gion lyonnaise, propose une s\u00e9lection rigoureuse de fruits de mers sur place ou \u00e0 emporter.","og_url":"https:\/\/www.maison-merle.fr\/en\/","og_site_name":"Maison Merle","article_modified_time":"2025-03-07T09:05:18+00:00","twitter_card":"summary_large_image","schema":{"@context":"https:\/\/schema.org","@graph":[{"@type":"WebPage","@id":"https:\/\/www.maison-merle.fr\/","url":"https:\/\/www.maison-merle.fr\/","name":"MERLE : Restaurant d'hu\u00eetres, coquillages et fruits de mer \u00e0 Lyon","isPartOf":{"@id":"https:\/\/www.maison-merle.fr\/#website"},"datePublished":"2015-07-18T19:40:42+00:00","dateModified":"2025-03-07T09:05:18+00:00","description":"MERLE, sp\u00e9cialiste des hu\u00eetres et coquillages sur Lyon et la r\u00e9gion lyonnaise, propose une s\u00e9lection rigoureuse de fruits de mers sur place ou \u00e0 emporter.","breadcrumb":{"@id":"https:\/\/www.maison-merle.fr\/#breadcrumb"},"inLanguage":"en-GB","potentialAction":[{"@type":"ReadAction","target":["https:\/\/www.maison-merle.fr\/"]}]},{"@type":"BreadcrumbList","@id":"https:\/\/www.maison-merle.fr\/#breadcrumb","itemListElement":[{"@type":"ListItem","position":1,"name":"Accueil","item":"https:\/\/www.maison-merle.fr\/"},{"@type":"ListItem","position":2,"name":"Accueil"}]},{"@type":"WebSite","@id":"https:\/\/www.maison-merle.fr\/#website","url":"https:\/\/www.maison-merle.fr\/","name":"Maison Merle","description":"Hu\u00eetres &amp; Coquillages","potentialAction":[{"@type":"SearchAction","target":{"@type":"EntryPoint","urlTemplate":"https:\/\/www.maison-merle.fr\/?s={search_term_string}"},"query-input":{"@type":"PropertyValueSpecification","valueRequired":true,"valueName":"search_term_string"}}],"inLanguage":"en-GB"}]}},"_links":{"self":[{"href":"https:\/\/www.maison-merle.fr\/en\/wp-json\/wp\/v2\/pages\/135","targetHints":{"allow":["GET"]}}],"collection":[{"href":"https:\/\/www.maison-merle.fr\/en\/wp-json\/wp\/v2\/pages"}],"about":[{"href":"https:\/\/www.maison-merle.fr\/en\/wp-json\/wp\/v2\/types\/page"}],"author":[{"embeddable":true,"href":"https:\/\/www.maison-merle.fr\/en\/wp-json\/wp\/v2\/users\/3"}],"replies":[{"embeddable":true,"href":"https:\/\/www.maison-merle.fr\/en\/wp-json\/wp\/v2\/comments?post=135"}],"version-history":[{"count":2,"href":"https:\/\/www.maison-merle.fr\/en\/wp-json\/wp\/v2\/pages\/135\/revisions"}],"predecessor-version":[{"id":1627,"href":"https:\/\/www.maison-merle.fr\/en\/wp-json\/wp\/v2\/pages\/135\/revisions\/1627"}],"wp:attachment":[{"href":"https:\/\/www.maison-merle.fr\/en\/wp-json\/wp\/v2\/media?parent=135"}],"wp:term":[{"taxonomy":"category","embeddable":true,"href":"https:\/\/www.maison-merle.fr\/en\/wp-json\/wp\/v2\/categories?post=135"},{"taxonomy":"post_tag","embeddable":true,"href":"https:\/\/www.maison-merle.fr\/en\/wp-json\/wp\/v2\/tags?post=135"}],"curies":[{"name":"wp","href":"https:\/\/api.w.org\/{rel}","templated":true}]}}